{"id":11,"date":"2015-08-19T14:27:49","date_gmt":"2015-08-19T12:27:49","guid":{"rendered":"http:\/\/www.franzzeller.at\/sommer\/?page_id=11"},"modified":"2015-09-09T12:07:23","modified_gmt":"2015-09-09T10:07:23","slug":"in-unterzahl","status":"publish","type":"page","link":"https:\/\/www.franzzeller.at\/sommer\/in-unterzahl\/","title":{"rendered":"Das Buch&#8230;"},"content":{"rendered":"<p>&#8230;\u00a0 zum Familien- und Fortpflanzungswahnsinn. Und so beginnt es:<\/p>\n<p><em>\u201eDas war jetzt wieder nix\u201c, seufzt Jutta.<\/em><\/p>\n<p><em>Zwanzig Sekunden nach dem Sex ist so ein Satz an und f\u00fcr sich keine freundliche Geste. Aber die Sache ist ganz anders, ehrlich. So wie Jutta jetzt entspannt und noch immer ein bisschen kurzatmig neben mir liegt, kann es nicht so schlimm gewesen sein. Glaube ich zumindest. Es war ja auch nicht das erste Mal. Und Jutta h\u00e4lt es nun schon sechs Jahre mit mir aus. Also, da h\u00e4tte sie ja schon vorher bestimmt mal was gesagt, von wegen Schmarrn im Bett und so.<\/em><\/p>\n<p><em>Dass ich auch nach dem Sex noch gern bei ihr bin, ist f\u00fcr mich der beste Beweis, dass ich <a href=\"http:\/\/www.franzzeller.at\/sommer\/wp-content\/uploads\/cover_inunterzahl.jpg\"><img loading=\"lazy\" decoding=\"async\" class=\"alignright wp-image-24\" src=\"http:\/\/www.franzzeller.at\/sommer\/wp-content\/uploads\/cover_inunterzahl-197x300.jpg\" alt=\"Cover &quot;In Unterzahl&quot;\" width=\"197\" height=\"300\" srcset=\"https:\/\/www.franzzeller.at\/sommer\/wp-content\/uploads\/cover_inunterzahl-197x300.jpg 197w, https:\/\/www.franzzeller.at\/sommer\/wp-content\/uploads\/cover_inunterzahl.jpg 212w\" sizes=\"auto, (max-width: 197px) 100vw, 197px\" \/><\/a>sie liebe. Ich mag es einfach, wie sie mit ihren halblangen, braunen Locken neben mir in der D\u00e4mmerung sinniert. Jutta hat mir nie das Gef\u00fchl gegeben, ich m\u00fcsste so schnell wie m\u00f6glich fl\u00fcchten, sobald ich meine Kleidung im Raum geortet habe. Das war in der Vergangenheit, also in der Vor-Jutta-Zeit ganz anders. Fr\u00fcher endete so manche Liebesnacht mit einem gro\u00dfen Fluchtreflex. Wenn es die Situation erforderte, war ich dabei \u00e4hnlich akrobatisch wie die Larve des Sandlaufk\u00e4fers.\u00a0<\/em><\/p>\n<p><em>Jutta blickt auf ihr Handy und legt es entt\u00e4uscht weg. \u201eNein, das hat wieder nicht funktioniert\u201c, wiederholt sie. \u201eTrotz App. Heute ist doch der dritte Oktober, oder? Ich m\u00fcsste gerade sehr fruchtbar sein. Aber ich sp\u00fcre richtig, wie das jetzt wieder nicht eingeschlagen hat.\u201c<\/em><\/p>\n","protected":false},"excerpt":{"rendered":"<p>&#8230;\u00a0 zum Familien- und Fortpflanzungswahnsinn. Und so beginnt es: \u201eDas war jetzt wieder nix\u201c, seufzt Jutta. Zwanzig Sekunden nach dem Sex ist so ein Satz an und f\u00fcr sich keine freundliche Geste. Aber die Sache ist ganz anders, ehrlich. So wie Jutta jetzt entspannt und noch immer ein bisschen kurzatmig neben mir liegt, kann es &hellip; <a href=\"https:\/\/www.franzzeller.at\/sommer\/in-unterzahl\/\" class=\"more-link\"><span class=\"screen-reader-text\">Das Buch&#8230;<\/span> weiterlesen <span class=\"meta-nav\">&rarr;<\/span><\/a><\/p>\n","protected":false},"author":1,"featured_media":0,"parent":0,"menu_order":0,"comment_status":"open","ping_status":"open","template":"","meta":{"footnotes":""},"class_list":["post-11","page","type-page","status-publish","hentry"],"_links":{"self":[{"href":"https:\/\/www.franzzeller.at\/sommer\/wp-json\/wp\/v2\/pages\/11","targetHints":{"allow":["GET"]}}],"collection":[{"href":"https:\/\/www.franzzeller.at\/sommer\/wp-json\/wp\/v2\/pages"}],"about":[{"href":"https:\/\/www.franzzeller.at\/sommer\/wp-json\/wp\/v2\/types\/page"}],"author":[{"embeddable":true,"href":"https:\/\/www.franzzeller.at\/sommer\/wp-json\/wp\/v2\/users\/1"}],"replies":[{"embeddable":true,"href":"https:\/\/www.franzzeller.at\/sommer\/wp-json\/wp\/v2\/comments?post=11"}],"version-history":[{"count":6,"href":"https:\/\/www.franzzeller.at\/sommer\/wp-json\/wp\/v2\/pages\/11\/revisions"}],"predecessor-version":[{"id":42,"href":"https:\/\/www.franzzeller.at\/sommer\/wp-json\/wp\/v2\/pages\/11\/revisions\/42"}],"wp:attachment":[{"href":"https:\/\/www.franzzeller.at\/sommer\/wp-json\/wp\/v2\/media?parent=11"}],"curies":[{"name":"wp","href":"https:\/\/api.w.org\/{rel}","templated":true}]}}