{"id":2,"date":"2015-08-05T15:07:33","date_gmt":"2015-08-05T13:07:33","guid":{"rendered":""},"modified":"2016-02-03T16:01:15","modified_gmt":"2016-02-03T15:01:15","slug":"beispiel-seite","status":"publish","type":"page","link":"https:\/\/www.franzzeller.at\/sommer\/","title":{"rendered":"&#8222;In Unterzahl&#8220;&#8230;"},"content":{"rendered":"<p>&#8230; seit\u00a0Anfang Februar 2016 in den Buchhandlungen!<\/p>\n<p><img loading=\"lazy\" decoding=\"async\" class=\"alignleft size-medium wp-image-24\" src=\"http:\/\/www.franzzeller.at\/sommer\/wp-content\/uploads\/cover_inunterzahl-197x300.jpg\" alt=\"Cover &quot;In Unterzahl&quot;\" width=\"197\" height=\"300\" srcset=\"https:\/\/www.franzzeller.at\/sommer\/wp-content\/uploads\/cover_inunterzahl-197x300.jpg 197w, https:\/\/www.franzzeller.at\/sommer\/wp-content\/uploads\/cover_inunterzahl.jpg 212w\" sizes=\"auto, (max-width: 197px) 100vw, 197px\" \/><\/p>\n<p>Alex ist ein Berufsjugendlicher, aber sonst ganz nett. Nebenberuflich spielt er Bass in einer m\u00e4\u00dfig erfolgreichen Band namens &#8222;Onion Pie&#8220;. Last and\u00a0least verdient er sich sein Geld als K\u00e4ferkundler an der Uni. Und bald ist er 40. Und f\u00fcr&#8217;s Kinderkriegen \u00e4hnlich reif\u00a0wie die Mittdrei\u00dfigerin Jutta, eine Fernsehjournalistin. Aber seit Jahren will es mit dem Nachwuchs nicht klappen.<\/p>\n<p>Weil selbst der letzte verzweifelte Befruchtungsversuch in der Therme offenbar nicht erfolgreich war, wollen Jutta und Alex Sex fortan nur mehr zum Spa\u00df haben. Und so adoptieren sie ein Kind. Nicht wissend, dass Jutta zu Zwillingen schwanger ist.<\/p>\n<p>Aus den Bobos m\u00fcssen rasch 3fach-Eltern werden. Zwischenstation: Chaos. Und dann haben sie ja auch noch Freunde, die ihnen an Wahnsinn in nichts nachstehen. Eine <a href=\"http:\/\/www.franzzeller.at\/sommer\/in-unterzahl\">turbulente Familienkom\u00f6die<\/a>.<\/p>\n<p>Eva und Moritz Sommer, das sind<a href=\"http:\/\/www.franzzeller.at\/sommer\/e-m-sommer\/\"> in Wirklichkeit \u00fcbrigens&#8230;<\/a><\/p>\n","protected":false},"excerpt":{"rendered":"<p>&#8230; seit\u00a0Anfang Februar 2016 in den Buchhandlungen! Alex ist ein Berufsjugendlicher, aber sonst ganz nett. Nebenberuflich spielt er Bass in einer m\u00e4\u00dfig erfolgreichen Band namens &#8222;Onion Pie&#8220;. Last and\u00a0least verdient er sich sein Geld als K\u00e4ferkundler an der Uni. Und bald ist er 40. Und f\u00fcr&#8217;s Kinderkriegen \u00e4hnlich reif\u00a0wie die Mittdrei\u00dfigerin Jutta, eine Fernsehjournalistin. Aber &hellip; <a href=\"https:\/\/www.franzzeller.at\/sommer\/\" class=\"more-link\"><span class=\"screen-reader-text\">&#8222;In Unterzahl&#8220;&#8230;<\/span> weiterlesen <span class=\"meta-nav\">&rarr;<\/span><\/a><\/p>\n","protected":false},"author":1,"featured_media":0,"parent":0,"menu_order":0,"comment_status":"open","ping_status":"open","template":"","meta":{"footnotes":""},"class_list":["post-2","page","type-page","status-publish","hentry"],"_links":{"self":[{"href":"https:\/\/www.franzzeller.at\/sommer\/wp-json\/wp\/v2\/pages\/2","targetHints":{"allow":["GET"]}}],"collection":[{"href":"https:\/\/www.franzzeller.at\/sommer\/wp-json\/wp\/v2\/pages"}],"about":[{"href":"https:\/\/www.franzzeller.at\/sommer\/wp-json\/wp\/v2\/types\/page"}],"author":[{"embeddable":true,"href":"https:\/\/www.franzzeller.at\/sommer\/wp-json\/wp\/v2\/users\/1"}],"replies":[{"embeddable":true,"href":"https:\/\/www.franzzeller.at\/sommer\/wp-json\/wp\/v2\/comments?post=2"}],"version-history":[{"count":12,"href":"https:\/\/www.franzzeller.at\/sommer\/wp-json\/wp\/v2\/pages\/2\/revisions"}],"predecessor-version":[{"id":78,"href":"https:\/\/www.franzzeller.at\/sommer\/wp-json\/wp\/v2\/pages\/2\/revisions\/78"}],"wp:attachment":[{"href":"https:\/\/www.franzzeller.at\/sommer\/wp-json\/wp\/v2\/media?parent=2"}],"curies":[{"name":"wp","href":"https:\/\/api.w.org\/{rel}","templated":true}]}}