{"id":6,"date":"2015-08-19T14:19:00","date_gmt":"2015-08-19T12:19:00","guid":{"rendered":"http:\/\/www.franzzeller.at\/sommer\/?page_id=6"},"modified":"2015-09-09T14:52:42","modified_gmt":"2015-09-09T12:52:42","slug":"e-m-sommer","status":"publish","type":"page","link":"https:\/\/www.franzzeller.at\/sommer\/e-m-sommer\/","title":{"rendered":"E &#038; M Sommer&#8230;"},"content":{"rendered":"<p>&#8230; das sind<\/p>\n<p>die \u00d6sterreicher Bibiane Zeller-Presenhuber und Franz Zeller<\/p>\n<p>Bibiane Zeller-Presenhuber arbeitet\u00a0als Wissenschaftsjournalistin beim ORF. Sie produziert Sendungen f\u00fcr das Wissensmagazin \u201eNewton\u201c und testet dort unter anderem neueste Hitech-K\u00fcchenger\u00e4te oder sparsame Schneekanonen. In ihrer Freizeit versucht sie ihren Garten in Nieder\u00f6sterreich vor Nacktschnecken zu sch\u00fctzen oder streunt mit ihrer Familie durch den Wienerwald. Ihre gro\u00dfe Leidenschaft gilt dem Reisen und dem Kochen \u2013 und den drei Schildkr\u00f6ten, die sozusagen zur erweiterten Familie geh\u00f6ren. \u201eIn Unterzahl\u201c ist ihr erster heiterer Familienroman, den sie gemeinsam mit ihrem Mann, dem Krimi-Autor Franz Zeller, ver\u00f6ffentlicht hat.<\/p>\n<p><a href=\"http:\/\/www.franzzeller.at\/sommer\/wp-content\/uploads\/portraetsommers_80prozent.jpg\"><img loading=\"lazy\" decoding=\"async\" class=\"alignnone wp-image-32 size-full\" src=\"http:\/\/www.franzzeller.at\/sommer\/wp-content\/uploads\/portraetsommers_80prozent.jpg\" alt=\"Foto: Klaus Vyhnalek\" width=\"624\" height=\"362\" srcset=\"https:\/\/www.franzzeller.at\/sommer\/wp-content\/uploads\/portraetsommers_80prozent.jpg 624w, https:\/\/www.franzzeller.at\/sommer\/wp-content\/uploads\/portraetsommers_80prozent-300x174.jpg 300w\" sizes=\"auto, (max-width: 624px) 100vw, 624px\" \/><\/a><\/p>\n<p>Franz Zeller\u00a0hat Germanistik und Anglistik in Salzburg und Oxford studiert. W\u00e4hrend des Studiums begann er als Rundfunkredakteur beim ORF in Salzburg zu arbeiten. 2002 wechselte er zur \u201eZeit im Bild\u201c nach Wien und 2004 zum ORF-Sender \u00d61, wo er als Wissenschaftsjournalist die Sendereihen Matrix und Digital.Leben betreut und moderiert. Salzburg hat er dennoch nicht ganz verlassen: Dort spielen seine mittlerweile 4\u00a0Kriminalf\u00e4lle rund um das Ermittlerduo Moll und Oberhollenzer.\u00a0 2014 erschien &#8222;Sieben letzte Worte&#8220;, 2015 &#8222;Sterben ist das Letzte&#8220;.<\/p>\n<p>Ja, er spielt auch Bass. Aber nicht so wie Alex.<\/p>\n<p><a href=\"http:\/\/www.franzzeller.at\" target=\"_blank\">www.franzzeller.at<\/a><\/p>\n","protected":false},"excerpt":{"rendered":"<p>&#8230; das sind die \u00d6sterreicher Bibiane Zeller-Presenhuber und Franz Zeller Bibiane Zeller-Presenhuber arbeitet\u00a0als Wissenschaftsjournalistin beim ORF. Sie produziert Sendungen f\u00fcr das Wissensmagazin \u201eNewton\u201c und testet dort unter anderem neueste Hitech-K\u00fcchenger\u00e4te oder sparsame Schneekanonen. In ihrer Freizeit versucht sie ihren Garten in Nieder\u00f6sterreich vor Nacktschnecken zu sch\u00fctzen oder streunt mit ihrer Familie durch den Wienerwald. Ihre &hellip; <a href=\"https:\/\/www.franzzeller.at\/sommer\/e-m-sommer\/\" class=\"more-link\"><span class=\"screen-reader-text\">E &#038; M Sommer&#8230;<\/span> weiterlesen <span class=\"meta-nav\">&rarr;<\/span><\/a><\/p>\n","protected":false},"author":1,"featured_media":0,"parent":0,"menu_order":0,"comment_status":"open","ping_status":"open","template":"","meta":{"footnotes":""},"class_list":["post-6","page","type-page","status-publish","hentry"],"_links":{"self":[{"href":"https:\/\/www.franzzeller.at\/sommer\/wp-json\/wp\/v2\/pages\/6","targetHints":{"allow":["GET"]}}],"collection":[{"href":"https:\/\/www.franzzeller.at\/sommer\/wp-json\/wp\/v2\/pages"}],"about":[{"href":"https:\/\/www.franzzeller.at\/sommer\/wp-json\/wp\/v2\/types\/page"}],"author":[{"embeddable":true,"href":"https:\/\/www.franzzeller.at\/sommer\/wp-json\/wp\/v2\/users\/1"}],"replies":[{"embeddable":true,"href":"https:\/\/www.franzzeller.at\/sommer\/wp-json\/wp\/v2\/comments?post=6"}],"version-history":[{"count":8,"href":"https:\/\/www.franzzeller.at\/sommer\/wp-json\/wp\/v2\/pages\/6\/revisions"}],"predecessor-version":[{"id":44,"href":"https:\/\/www.franzzeller.at\/sommer\/wp-json\/wp\/v2\/pages\/6\/revisions\/44"}],"wp:attachment":[{"href":"https:\/\/www.franzzeller.at\/sommer\/wp-json\/wp\/v2\/media?parent=6"}],"curies":[{"name":"wp","href":"https:\/\/api.w.org\/{rel}","templated":true}]}}